{"id":11085,"date":"2026-03-02T12:52:45","date_gmt":"2026-03-02T09:52:45","guid":{"rendered":"https:\/\/www.silvahunt.ee\/?page_id=11085"},"modified":"2026-03-13T15:18:13","modified_gmt":"2026-03-13T12:18:13","slug":"werden-sie-teil-unseres-teams","status":"publish","type":"page","link":"https:\/\/www.silvahunt.ee\/de\/join-our-team\/","title":{"rendered":"Werden Sie Mitglied unseres Teams"},"content":{"rendered":"<style type=\"text\/css\" data-created_by=\"avia_inline_auto\" id=\"style-css-av-mm8ztcac-3591f14a467a366c1c1d6fd1b53104fc\">\n.flex_column.av-mm8ztcac-3591f14a467a366c1c1d6fd1b53104fc{\npadding:40px 0 40px 0;\n}\n\n@media only screen and (min-width: 480px) and (max-width: 767px){ \n.flex_column.av-mm8ztcac-3591f14a467a366c1c1d6fd1b53104fc{\npadding:0px 0px 0px 0px;\n}\n}\n\n@media only screen and (max-width: 479px){ \n.flex_column.av-mm8ztcac-3591f14a467a366c1c1d6fd1b53104fc{\npadding:0px 0px 0px 0px;\n}\n}\n<\/style>\n<div  class='flex_column av-mm8ztcac-3591f14a467a366c1c1d6fd1b53104fc av_two_fifth  avia-builder-el-0  el_before_av_three_fifth  avia-builder-el-first  first flex_column_div'     ><style type=\"text\/css\" data-created_by=\"avia_inline_auto\" id=\"style-css-av-mm8ytki9-b55ba086c9ba70ab3f0e1c70181e8ef6\">\n\n@media only screen and (min-width: 990px){ \n#top .av_textblock_section.av-mm8ytki9-b55ba086c9ba70ab3f0e1c70181e8ef6 .avia_textblock{\npadding:80px 0 0 0;\n}\n}\n\n@media only screen and (min-width: 480px) and (max-width: 767px){ \n#top .av_textblock_section.av-mm8ytki9-b55ba086c9ba70ab3f0e1c70181e8ef6 .avia_textblock{\npadding:0 0 0 0;\n}\n}\n\n@media only screen and (max-width: 479px){ \n#top .av_textblock_section.av-mm8ytki9-b55ba086c9ba70ab3f0e1c70181e8ef6 .avia_textblock{\npadding:0 0 0 0;\n}\n}\n<\/style>\n<section  class='av_textblock_section av-mm8ytki9-b55ba086c9ba70ab3f0e1c70181e8ef6'   itemscope=\"itemscope\" itemtype=\"https:\/\/schema.org\/CreativeWork\" ><div class='avia_textblock'  itemprop=\"text\" ><h2 style=\"text-align: left;\">UNSER TEAM<\/h2>\n<p style=\"text-align: left;\"><a href=\"https:\/\/www.silvahunt.ee\/de\/uber-uns-team\/\">Das Kernteam von Silva Hunt besteht aus internationalen Gesch\u00e4ftsleuten mit einem vielf\u00e4ltigen Hintergrund<\/a>, Wir legen gro\u00dfen Wert auf Professionalit\u00e4t und hohe Servicestandards. Wir sind bestrebt, Unternehmern zu helfen, bessere L\u00f6sungen f\u00fcr internationale Gesch\u00e4fte zu finden, indem wir ma\u00dfgeschneiderte L\u00f6sungen anbieten und Unternehmern helfen, auf eine pers\u00f6nlichere und sinnvollere Weise zu wachsen.<\/p>\n<\/div><\/section><\/div>\n<div  class='flex_column av-2fiyh9-50575e65329e35dfa9e9587818169d90 av_three_fifth  avia-builder-el-2  el_after_av_two_fifth  el_before_av_section  avia-builder-el-last  flex_column_div'     ><style type=\"text\/css\" data-created_by=\"avia_inline_auto\" id=\"style-css-av-mm8xub6u-fff82302cd91cd5fc5de7605580e9ad0\">\n.avia-image-container.av-mm8xub6u-fff82302cd91cd5fc5de7605580e9ad0 img.avia_image{\nbox-shadow:none;\n}\n.avia-image-container.av-mm8xub6u-fff82302cd91cd5fc5de7605580e9ad0 .av-image-caption-overlay-center{\ncolor:#ffffff;\n}\n<\/style>\n<div  class='avia-image-container av-mm8xub6u-fff82302cd91cd5fc5de7605580e9ad0 av-styling- avia-align-center  avia-builder-el-3  avia-builder-el-no-sibling'   itemprop=\"image\" itemscope=\"itemscope\" itemtype=\"https:\/\/schema.org\/ImageObject\" ><div class=\"avia-image-container-inner\"><div class=\"avia-image-overlay-wrap\"><img decoding=\"async\" fetchpriority=\"high\" class='wp-image-11087 avia-img-lazy-loading-not-11087 avia_image' src=\"https:\/\/www.silvahunt.ee\/wp-content\/uploads\/2026\/03\/Join-our-team-1200x800.png\" alt='' title='Werden Sie Mitglied unseres Teams'  height=\"800\" width=\"1200\"  itemprop=\"thumbnailUrl\" srcset=\"https:\/\/www.silvahunt.ee\/wp-content\/uploads\/2026\/03\/Join-our-team-1200x800.png 1200w, https:\/\/www.silvahunt.ee\/wp-content\/uploads\/2026\/03\/Join-our-team-768x512.png 768w, https:\/\/www.silvahunt.ee\/wp-content\/uploads\/2026\/03\/Join-our-team-1536x1024.png 1536w, https:\/\/www.silvahunt.ee\/wp-content\/uploads\/2026\/03\/Join-our-team-1500x1000.png 1500w, https:\/\/www.silvahunt.ee\/wp-content\/uploads\/2026\/03\/Join-our-team-705x470.png 705w, https:\/\/www.silvahunt.ee\/wp-content\/uploads\/2026\/03\/Join-our-team.png 1900w\" sizes=\"(max-width: 1200px) 100vw, 1200px\" \/><\/div><\/div><\/div><\/div>\n<\/div><\/div><\/div><!-- close content main div --><\/div><\/div>\n<style type=\"text\/css\" data-created_by=\"avia_inline_auto\" id=\"style-css-av-mm8ywbvw-f00b9a23b052e2ccc2ba061728834f9e\">\n.avia-section.av-mm8ywbvw-f00b9a23b052e2ccc2ba061728834f9e{\nbackground-color:#5f7b96;\nbackground-image:unset;\n}\n<\/style>\n<div id='av_section_1'  class='avia-section av-mm8ywbvw-f00b9a23b052e2ccc2ba061728834f9e main_color avia-section-default avia-no-border-styling  avia-builder-el-4  el_after_av_three_fifth  el_before_av_textblock  avia-bg-style-scroll container_wrap sidebar_right'  ><div class='container av-section-cont-open' ><div class='template-page content  av-content-small alpha units'><div class='post-entry post-entry-type-page post-entry-11085'><div class='entry-content-wrapper clearfix'>\n\n<style type=\"text\/css\" data-created_by=\"avia_inline_auto\" id=\"style-css-av-mm8yxiyk-710b9d5c8adc74ea8d3fdbf17ea557d0\">\n#top .av_textblock_section.av-mm8yxiyk-710b9d5c8adc74ea8d3fdbf17ea557d0 .avia_textblock{\npadding:0 0 0 0;\ncolor:#ffffff;\n}\n<\/style>\n<section  class='av_textblock_section av-mm8yxiyk-710b9d5c8adc74ea8d3fdbf17ea557d0'   itemscope=\"itemscope\" itemtype=\"https:\/\/schema.org\/CreativeWork\" ><div class='avia_textblock av_inherit_color'  itemprop=\"text\" ><h2 style=\"margin-bottom:0;\">Offene Stellen<\/h2>\n<\/div><\/section>\n<\/div><\/div><\/div><!-- close content main div --><\/div><\/div><div id='after_section_1'  class='main_color av_default_container_wrap container_wrap sidebar_right'  ><div class='container av-section-cont-open' ><div class='template-page content  av-content-small alpha units'><div class='post-entry post-entry-type-page post-entry-11085'><div class='entry-content-wrapper clearfix'>\n<section  class='av_textblock_section av-mm8yzep2-4d5b5300dec39786fac8c1bdc68ec5ce'   itemscope=\"itemscope\" itemtype=\"https:\/\/schema.org\/CreativeWork\" ><div class='avia_textblock'  itemprop=\"text\" ><h2><strong>Unternehmensjurist (Gesellschaftsrecht)<\/strong><\/h2>\n<p>Silva Hunt sucht einen Gesellschaftsrechtler, der internationale Kunden mit klaren, praktischen L\u00f6sungen ber\u00e4t.<\/p>\n<p><strong>Ihre Hauptverantwortlichkeiten <\/strong><strong>: <\/strong><\/p>\n<p>- Unternehmensrechtsberatung<\/p>\n<p>- Vertr\u00e4ge entwerfen\/\u00fcberpr\u00fcfen\/aushandeln<\/p>\n<p>- Dokumentation auswerten<\/p>\n<p>- Bewertung der Einhaltung der Vorschriften und der Risiken<\/p>\n<p>- Erstellung von Rechtsgutachten<\/p>\n<p>- bei Bedarf mit externen Partnern zusammenarbeiten<\/p>\n<p><strong>Wir erwarten von Ihnen:<\/strong><\/p>\n<p>- Jura-Abschluss<\/p>\n<p>- Mehr als 3 Jahre Erfahrung (Gesch\u00e4ftskunden bevorzugt)<\/p>\n<p>- ausgezeichnetes Estnisch und Englisch<\/p>\n<p>- gute Kenntnisse im Vertrags- und Gesellschaftsrecht (einschlie\u00dflich Arbeitsrecht)<\/p>\n<p>- ruhig, kundenorientiert, f\u00e4hig, mehrere Angelegenheiten zu bearbeiten<\/p>\n<p><strong>Es wird von Vorteil sein, wenn Sie <\/strong><strong>: <\/strong><\/p>\n<p>- Erfahrung mit der Einhaltung von Vorschriften\/Regelungen<\/p>\n<p>- Beratungshintergrund<\/p>\n<p>- steuerliche\/buchhalterische Kenntnisse<\/p>\n<p>- Erfahrung mit e-residenten Kunden<\/p>\n<p><strong>Wir bieten an:<\/strong><\/p>\n<p>- Vielf\u00e4ltige Aufgaben, echte Auswirkungen auf die Kunden<\/p>\n<p>- flexibles, professionelles Umfeld<\/p>\n<p>- Entwicklung<\/p>\n<p>- internationale Arbeit<\/p>\n<p>- wettbewerbsf\u00e4higes Gehalt<\/p>\n<\/div><\/section>\n<div  class='avia-button-wrap av-mm8z2va7-2c60eeaed884ea2d9e103e1849c5fac0-wrap avia-button-left  avia-builder-el-7  el_after_av_textblock  el_before_av_hr'>\n<style type=\"text\/css\" data-created_by=\"avia_inline_auto\" id=\"style-css-av-mm8z2va7-2c60eeaed884ea2d9e103e1849c5fac0\">\n#top #wrap_all .avia-button.av-mm8z2va7-2c60eeaed884ea2d9e103e1849c5fac0{\nbackground-color:#ff4800;\nborder-color:#ff4800;\nbox-shadow:none;\ntransition:all 0.4s ease-in-out;\nmargin:20px 0 0 0;\n}\n#top #wrap_all .avia-button.av-mm8z2va7-2c60eeaed884ea2d9e103e1849c5fac0:hover{\nbackground-color:grey;\ncolor:white;\ntransition:all 0.4s ease-in-out;\n}\n#top #wrap_all .avia-button.av-mm8z2va7-2c60eeaed884ea2d9e103e1849c5fac0:hover .avia-svg-icon svg:first-child{\nfill:white;\nstroke:white;\n}\n<\/style>\n<a href='https:\/\/www.silvahunt.ee\/de\/werden-sie-teil-unseres-teams\/corporate-laywer-gesellschaftsrecht\/'  class='avia-button av-mm8z2va7-2c60eeaed884ea2d9e103e1849c5fac0 av-link-btn avia-icon_select-yes-right-icon avia-size-medium avia-position-left avia-font-color-theme-color'   aria-label=\"Bewerben Sie sich f\u00fcr diese Stelle\"><span class='avia_iconbox_title' >Bewerben Sie sich f\u00fcr diese Stelle<\/span><span class='avia_button_icon avia_button_icon_right avia-svg-icon avia-font-svg_entypo-fontello' data-av_svg_icon='right-open-mini' data-av_iconset='svg_entypo-fontello'><svg version=\"1.1\" xmlns=\"http:\/\/www.w3.org\/2000\/svg\" width=\"8\" height=\"32\" viewbox=\"0 0 8 32\" preserveaspectratio=\"xMidYMid meet\" aria-labelledby='av-svg-title-1' aria-describedby='av-svg-desc-1' role=\"graphics-symbol\">\n<title id='av-svg-title-1'>Rechts-auf-Mini<\/title>\n<desc id='av-svg-desc-1'>Rechts-auf-Mini<\/desc>\n<path d=\"M0.416 21.44l5.056-5.44-5.056-5.504q-0.832-0.832 0-1.536 0.832-0.832 1.536 0l6.144 6.208q0.768 0.832 0 1.6l-6.144 6.208q-0.704 0.832-1.536 0-0.832-0.704 0-1.536z\"><\/path>\n<\/svg><\/span><\/a><\/div>\n<div  class='hr av-12frwr1-45df614bc36b1c6b694bed8daede4c4b hr-default  avia-builder-el-8  el_after_av_button  el_before_av_textblock'><span class='hr-inner'><span class=\"hr-inner-style\"><\/span><\/span><\/div>\n<section  class='av_textblock_section av-mmoq71s6-b6f5f54a84967261f939231ae231e2fd'   itemscope=\"itemscope\" itemtype=\"https:\/\/schema.org\/CreativeWork\" ><div class='avia_textblock'  itemprop=\"text\" ><h2><strong>Buchhalter\u00a0<\/strong><\/h2>\n<p><strong>(0,5 Pensum \u2192 Aufstockung auf Vollzeit)<\/strong><br \/>\nVollst\u00e4ndig ferngesteuert (Estland)<\/p>\n<p>Es handelt sich nicht um eine Assistentenstelle.<br \/>\nSie werden Ihr eigenes Kundenportfolio verwalten und mit der Zeit die volle Verantwortung \u00fcbernehmen.<\/p>\n<p>Sie werden in Teilzeit (0,5) beginnen, mit einer realistischen Perspektive f\u00fcr eine Vollzeitstelle, wenn das Portfolio w\u00e4chst. Dies ist eine langfristige Aufgabe f\u00fcr jemanden, der Entwicklung mit Stabilit\u00e4t verbinden m\u00f6chte.<\/p>\n<p><strong>Ihre Hauptverantwortlichkeiten<\/strong><strong>:<\/strong><\/p>\n<p>Sie sind f\u00fcr Ihre Kunden verantwortlich - nicht nur f\u00fcr deren Transaktionen.<\/p>\n<ul>\n<li>Verwaltung eines eigenen Portfolios von estnischen Unternehmen<\/li>\n<li>Bilanzierung \u00fcber den gesamten Zyklus<\/li>\n<li>Monatliche Abschl\u00fcsse und Berichterstattung<\/li>\n<li>Mehrwertsteuer, OSS und grenz\u00fcberschreitende Themen<\/li>\n<li>Buchhaltung f\u00fcr Unternehmen des Waren- und des digitalen Gesch\u00e4ftsverkehrs<\/li>\n<li>Direkte Kommunikation mit den Kunden (bei Bedarf auch per Videokonferenz)<\/li>\n<li>Unterst\u00fctzung der Jahresendberichterstattung<\/li>\n<\/ul>\n<p><strong>Wir erwarten von Ihnen:<\/strong><\/p>\n<p>Ein starkes Fundament und die Bereitschaft, dar\u00fcber hinaus zu wachsen.<\/p>\n<ul>\n<li>Formale Ausbildung in estnischer Buchhaltung<\/li>\n<li>Flie\u00dfend Estnisch<\/li>\n<li>Ausgepr\u00e4gte Kenntnisse des estnischen Rechnungslegungs- und Steuerrechts<\/li>\n<li>Professionelles Englisch<\/li>\n<li>F\u00e4higkeit, selbst\u00e4ndig zu arbeiten und Verantwortung zu \u00fcbernehmen<\/li>\n<li>Strukturierte Arbeitsweise und Einhaltung von Fristen<\/li>\n<\/ul>\n<p>Sie m\u00fcssen heute nicht alles wissen - auch nicht \u00fcber Kryptow\u00e4hrungen oder komplexe Investitionsf\u00e4lle - aber Sie m\u00fcssen bereit sein, zu lernen und bei Bedarf aus der Routine herauszutreten.<\/p>\n<p><strong>Es wird von Vorteil sein, wenn Sie<\/strong><strong>: <\/strong><\/p>\n<ul>\n<li>Erfahrung mit e-residenten Kunden<\/li>\n<li>Erfahrung mit Waren \/ digitalem Handel<\/li>\n<li>Kenntnisse in Krypto oder Investitionsrechnung<\/li>\n<li>Erfahrung mit OSS\/IOSS<\/li>\n<li>Erfahrungen mit MT\u00dc<\/li>\n<li>Erfahrung in der Lohnbuchhaltung<\/li>\n<li>Erfahrung mit Merit Aktiva und Merit Palk<\/li>\n<li>Erlernte zus\u00e4tzliche Sprachen<\/li>\n<\/ul>\n<p><strong>Wir bieten:<\/strong><\/p>\n<p>Verantwortung, Wachstum und Stabilit\u00e4t - in dieser Reihenfolge.<\/p>\n<ul>\n<li>Vollst\u00e4ndige Fernarbeit (die meisten unserer Mitarbeiter arbeiten von zu Hause aus)<\/li>\n<li>Echte Verantwortung f\u00fcr Ihr Kundenportfolio<\/li>\n<li>Ein kleines und konzentriertes Buchhaltungsteam<\/li>\n<li>Ein klarer Weg von Teilzeit zu Vollzeit<\/li>\n<li>Langfristige Zusammenarbeit und berufliche Entwicklung<\/li>\n<\/ul>\n<p>Wenn Sie auf der Suche nach einer Stelle sind, in der Sie stetig wachsen, Verantwortung \u00fcbernehmen und im Laufe der Zeit Fachwissen aufbauen k\u00f6nnen, ist diese Stelle genau das Richtige f\u00fcr Sie.<\/p>\n<\/div><\/section>\n<div  class='avia-button-wrap av-v8ys31-7d6c52d2c9ef2ca034fba310397ec766-wrap avia-button-left  avia-builder-el-10  el_after_av_textblock  avia-builder-el-last'>\n<style type=\"text\/css\" data-created_by=\"avia_inline_auto\" id=\"style-css-av-v8ys31-7d6c52d2c9ef2ca034fba310397ec766\">\n#top #wrap_all .avia-button.av-v8ys31-7d6c52d2c9ef2ca034fba310397ec766{\nbackground-color:#ff4800;\nborder-color:#ff4800;\nbox-shadow:none;\ntransition:all 0.4s ease-in-out;\nmargin:20px 0 0 0;\n}\n#top #wrap_all .avia-button.av-v8ys31-7d6c52d2c9ef2ca034fba310397ec766:hover{\nbackground-color:grey;\ncolor:white;\ntransition:all 0.4s ease-in-out;\n}\n#top #wrap_all .avia-button.av-v8ys31-7d6c52d2c9ef2ca034fba310397ec766:hover .avia-svg-icon svg:first-child{\nfill:white;\nstroke:white;\n}\n<\/style>\n<a href='https:\/\/www.silvahunt.ee\/de\/werden-sie-teil-unseres-teams\/buchhalter\/'  class='avia-button av-v8ys31-7d6c52d2c9ef2ca034fba310397ec766 av-link-btn avia-icon_select-yes-right-icon avia-size-medium avia-position-left avia-font-color-theme-color'   aria-label=\"Bewerben Sie sich f\u00fcr diese Stelle\"><span class='avia_iconbox_title' >Bewerben Sie sich f\u00fcr diese Stelle<\/span><span class='avia_button_icon avia_button_icon_right avia-svg-icon avia-font-svg_entypo-fontello' data-av_svg_icon='right-open-mini' data-av_iconset='svg_entypo-fontello'><svg version=\"1.1\" xmlns=\"http:\/\/www.w3.org\/2000\/svg\" width=\"8\" height=\"32\" viewbox=\"0 0 8 32\" preserveaspectratio=\"xMidYMid meet\" aria-labelledby='av-svg-title-2' aria-describedby='av-svg-desc-2' role=\"graphics-symbol\">\n<title id='av-svg-title-2'>Rechts-auf-Mini<\/title>\n<desc id='av-svg-desc-2'>Rechts-auf-Mini<\/desc>\n<path d=\"M0.416 21.44l5.056-5.44-5.056-5.504q-0.832-0.832 0-1.536 0.832-0.832 1.536 0l6.144 6.208q0.768 0.832 0 1.6l-6.144 6.208q-0.704 0.832-1.536 0-0.832-0.704 0-1.536z\"><\/path>\n<\/svg><\/span><\/a><\/div>","protected":false},"excerpt":{"rendered":"","protected":false},"author":24,"featured_media":0,"parent":0,"menu_order":0,"comment_status":"closed","ping_status":"closed","template":"","meta":{"_acf_changed":false,"footnotes":""},"class_list":["post-11085","page","type-page","status-publish","hentry"],"acf":[],"yoast_head":"<!-- This site is optimized with the Yoast SEO Premium plugin v23.4 (Yoast SEO v27.3) - https:\/\/yoast.com\/product\/yoast-seo-premium-wordpress\/ -->\n<title>Join our team - Silva Hunt<\/title>\n<meta name=\"robots\" content=\"index, follow, max-snippet:-1, max-image-preview:large, max-video-preview:-1\" \/>\n<link rel=\"canonical\" href=\"https:\/\/www.silvahunt.ee\/de\/werden-sie-teil-unseres-teams\/\" \/>\n<meta property=\"og:locale\" content=\"de_DE\" \/>\n<meta property=\"og:type\" content=\"article\" \/>\n<meta property=\"og:title\" content=\"Join our team\" \/>\n<meta property=\"og:url\" content=\"https:\/\/www.silvahunt.ee\/de\/werden-sie-teil-unseres-teams\/\" \/>\n<meta property=\"og:site_name\" content=\"Silva Hunt\" \/>\n<meta property=\"article:publisher\" content=\"https:\/\/www.facebook.com\/SilvaHunt.ee\/\" \/>\n<meta property=\"article:modified_time\" content=\"2026-03-13T12:18:13+00:00\" \/>\n<meta name=\"twitter:card\" content=\"summary_large_image\" \/>\n<meta name=\"twitter:site\" content=\"@silva_hunt\" \/>\n<meta name=\"twitter:label1\" content=\"Gesch\u00e4tzte Lesezeit\" \/>\n\t<meta name=\"twitter:data1\" content=\"3\u00a0Minuten\" \/>\n<script type=\"application\/ld+json\" class=\"yoast-schema-graph\">{\"@context\":\"https:\\\/\\\/schema.org\",\"@graph\":[{\"@type\":\"WebPage\",\"@id\":\"https:\\\/\\\/www.silvahunt.ee\\\/join-our-team\\\/\",\"url\":\"https:\\\/\\\/www.silvahunt.ee\\\/join-our-team\\\/\",\"name\":\"Join our team - Silva Hunt\",\"isPartOf\":{\"@id\":\"https:\\\/\\\/www.silvahunt.ee\\\/#website\"},\"datePublished\":\"2026-03-02T09:52:45+00:00\",\"dateModified\":\"2026-03-13T12:18:13+00:00\",\"breadcrumb\":{\"@id\":\"https:\\\/\\\/www.silvahunt.ee\\\/join-our-team\\\/#breadcrumb\"},\"inLanguage\":\"de\",\"potentialAction\":[{\"@type\":\"ReadAction\",\"target\":[\"https:\\\/\\\/www.silvahunt.ee\\\/join-our-team\\\/\"]}]},{\"@type\":\"BreadcrumbList\",\"@id\":\"https:\\\/\\\/www.silvahunt.ee\\\/join-our-team\\\/#breadcrumb\",\"itemListElement\":[{\"@type\":\"ListItem\",\"position\":1,\"name\":\"Home\",\"item\":\"https:\\\/\\\/www.silvahunt.ee\\\/home-2\\\/\"},{\"@type\":\"ListItem\",\"position\":2,\"name\":\"Join our team\"}]},{\"@type\":\"WebSite\",\"@id\":\"https:\\\/\\\/www.silvahunt.ee\\\/#website\",\"url\":\"https:\\\/\\\/www.silvahunt.ee\\\/\",\"name\":\"Silva Hunt\",\"description\":\"Premium e-Residency Service Provider\",\"publisher\":{\"@id\":\"https:\\\/\\\/www.silvahunt.ee\\\/#organization\"},\"potentialAction\":[{\"@type\":\"SearchAction\",\"target\":{\"@type\":\"EntryPoint\",\"urlTemplate\":\"https:\\\/\\\/www.silvahunt.ee\\\/?s={search_term_string}\"},\"query-input\":{\"@type\":\"PropertyValueSpecification\",\"valueRequired\":true,\"valueName\":\"search_term_string\"}}],\"inLanguage\":\"de\"},{\"@type\":\"Organization\",\"@id\":\"https:\\\/\\\/www.silvahunt.ee\\\/#organization\",\"name\":\"Silva Hunt\",\"url\":\"https:\\\/\\\/www.silvahunt.ee\\\/\",\"logo\":{\"@type\":\"ImageObject\",\"inLanguage\":\"de\",\"@id\":\"https:\\\/\\\/www.silvahunt.ee\\\/#\\\/schema\\\/logo\\\/image\\\/\",\"url\":\"https:\\\/\\\/www.silvahunt.ee\\\/wp-content\\\/uploads\\\/2019\\\/01\\\/silva-hunt-logo-1.png\",\"contentUrl\":\"https:\\\/\\\/www.silvahunt.ee\\\/wp-content\\\/uploads\\\/2019\\\/01\\\/silva-hunt-logo-1.png\",\"width\":680,\"height\":312,\"caption\":\"Silva Hunt\"},\"image\":{\"@id\":\"https:\\\/\\\/www.silvahunt.ee\\\/#\\\/schema\\\/logo\\\/image\\\/\"},\"sameAs\":[\"https:\\\/\\\/www.facebook.com\\\/SilvaHunt.ee\\\/\",\"https:\\\/\\\/x.com\\\/silva_hunt\",\"https:\\\/\\\/www.instagram.com\\\/SilvaHuntOfficial\\\/\"]}]}<\/script>\n<!-- \/ Yoast SEO Premium plugin. -->","yoast_head_json":{"title":"Verst\u00e4rken Sie unser Team - Silva Hunt","robots":{"index":"index","follow":"follow","max-snippet":"max-snippet:-1","max-image-preview":"max-image-preview:large","max-video-preview":"max-video-preview:-1"},"canonical":"https:\/\/www.silvahunt.ee\/de\/werden-sie-teil-unseres-teams\/","og_locale":"de_DE","og_type":"article","og_title":"Join our team","og_url":"https:\/\/www.silvahunt.ee\/de\/werden-sie-teil-unseres-teams\/","og_site_name":"Silva Hunt","article_publisher":"https:\/\/www.facebook.com\/SilvaHunt.ee\/","article_modified_time":"2026-03-13T12:18:13+00:00","twitter_card":"summary_large_image","twitter_site":"@silva_hunt","twitter_misc":{"Gesch\u00e4tzte Lesezeit":"3\u00a0Minuten"},"schema":{"@context":"https:\/\/schema.org","@graph":[{"@type":"WebPage","@id":"https:\/\/www.silvahunt.ee\/join-our-team\/","url":"https:\/\/www.silvahunt.ee\/join-our-team\/","name":"Verst\u00e4rken Sie unser Team - Silva Hunt","isPartOf":{"@id":"https:\/\/www.silvahunt.ee\/#website"},"datePublished":"2026-03-02T09:52:45+00:00","dateModified":"2026-03-13T12:18:13+00:00","breadcrumb":{"@id":"https:\/\/www.silvahunt.ee\/join-our-team\/#breadcrumb"},"inLanguage":"de","potentialAction":[{"@type":"ReadAction","target":["https:\/\/www.silvahunt.ee\/join-our-team\/"]}]},{"@type":"BreadcrumbList","@id":"https:\/\/www.silvahunt.ee\/join-our-team\/#breadcrumb","itemListElement":[{"@type":"ListItem","position":1,"name":"Home","item":"https:\/\/www.silvahunt.ee\/home-2\/"},{"@type":"ListItem","position":2,"name":"Join our team"}]},{"@type":"WebSite","@id":"https:\/\/www.silvahunt.ee\/#website","url":"https:\/\/www.silvahunt.ee\/","name":"Silva-Jagd","description":"Premium e-Residency-Dienstleister","publisher":{"@id":"https:\/\/www.silvahunt.ee\/#organization"},"potentialAction":[{"@type":"SearchAction","target":{"@type":"EntryPoint","urlTemplate":"https:\/\/www.silvahunt.ee\/?s={search_term_string}"},"query-input":{"@type":"PropertyValueSpecification","valueRequired":true,"valueName":"search_term_string"}}],"inLanguage":"de"},{"@type":"Organization","@id":"https:\/\/www.silvahunt.ee\/#organization","name":"Silva-Jagd","url":"https:\/\/www.silvahunt.ee\/","logo":{"@type":"ImageObject","inLanguage":"de","@id":"https:\/\/www.silvahunt.ee\/#\/schema\/logo\/image\/","url":"https:\/\/www.silvahunt.ee\/wp-content\/uploads\/2019\/01\/silva-hunt-logo-1.png","contentUrl":"https:\/\/www.silvahunt.ee\/wp-content\/uploads\/2019\/01\/silva-hunt-logo-1.png","width":680,"height":312,"caption":"Silva Hunt"},"image":{"@id":"https:\/\/www.silvahunt.ee\/#\/schema\/logo\/image\/"},"sameAs":["https:\/\/www.facebook.com\/SilvaHunt.ee\/","https:\/\/x.com\/silva_hunt","https:\/\/www.instagram.com\/SilvaHuntOfficial\/"]}]}},"_links":{"self":[{"href":"https:\/\/www.silvahunt.ee\/de\/wp-json\/wp\/v2\/pages\/11085","targetHints":{"allow":["GET"]}}],"collection":[{"href":"https:\/\/www.silvahunt.ee\/de\/wp-json\/wp\/v2\/pages"}],"about":[{"href":"https:\/\/www.silvahunt.ee\/de\/wp-json\/wp\/v2\/types\/page"}],"author":[{"embeddable":true,"href":"https:\/\/www.silvahunt.ee\/de\/wp-json\/wp\/v2\/users\/24"}],"replies":[{"embeddable":true,"href":"https:\/\/www.silvahunt.ee\/de\/wp-json\/wp\/v2\/comments?post=11085"}],"version-history":[{"count":5,"href":"https:\/\/www.silvahunt.ee\/de\/wp-json\/wp\/v2\/pages\/11085\/revisions"}],"predecessor-version":[{"id":11384,"href":"https:\/\/www.silvahunt.ee\/de\/wp-json\/wp\/v2\/pages\/11085\/revisions\/11384"}],"wp:attachment":[{"href":"https:\/\/www.silvahunt.ee\/de\/wp-json\/wp\/v2\/media?parent=11085"}],"curies":[{"name":"wp","href":"https:\/\/api.w.org\/{rel}","templated":true}]}}